{"id":29,"date":"2012-08-10T15:32:49","date_gmt":"2012-08-10T13:32:49","guid":{"rendered":"http:\/\/www.smgwarkow.pl\/?page_id=29"},"modified":"2019-07-08T10:35:41","modified_gmt":"2019-07-08T08:35:41","slug":"kontakt","status":"publish","type":"page","link":"http:\/\/www.smgwarkow.pl\/?page_id=29","title":{"rendered":"Kontakt"},"content":{"rendered":"<p>SP\u00d3\u0141DZIELNIA MIESZKANIOWA \u201cGWARK\u00d3W\u201d<br \/>\nul. Bojkowska 22, 44-100 GLIWICE<br \/>\nNIP 631-257-02-94<\/p>\n<p>telefon:<br \/>\nsekretariat: 32-231-07-09<br \/>\nksi\u0119gowo\u015b\u0107: 32-334-72-01<\/p>\n<p>adres e-mail: <a href=\"mailto:spoldzielnia@smgwarkow.pl\">spoldzielnia@smgwarkow.pl<\/a><\/p>\n<ul>\n<li>godziny otwarcia:<br \/>\n&#8211; poniedzia\u0142ek: 7:<sup>00<\/sup> \u2013 15:<sup>00<\/sup><br \/>\n&#8211; wtorek: 7:<sup>00<\/sup> \u2013 15:<sup>00<\/sup><br \/>\n&#8211; \u015broda:\u00a0 7:<sup>00<\/sup> \u2013 15:<sup>00<br \/>\n<\/sup>&#8211; czwartek: 7:<sup>00<\/sup> \u2013 16:<sup>00<br \/>\n<\/sup>&#8211; pi\u0105tek:\u00a0 7:<sup>00<\/sup> \u2013 14:<sup>00<\/sup><\/li>\n<li>Zg\u0142aszanie awarii po godzinach pracy Sp\u00f3\u0142dzielni:<br \/>\nFIRMA POG-TECH sp. z o.o.\u00a0 Gliwice<br \/>\nTelefon: 694-414-901,\u00a0 32-231-59-71,\u00a0 32-279-26-13,\u00a0 32-279-96-98<\/li>\n<\/ul>\n<p>&nbsp;<\/p>\n<p>Administratorem danych osobowych jest Sp\u00f3\u0142dzielnia Mieszkaniowa \u201cGwark\u00f3w\u201d z siedzib\u0105 w Gliwicach, przy ulicy Bojkowskiej 22.<br \/>\nInformujemy, \u017ce Pa\u0144stwa dane przetwarzane s\u0105 tylko w celach okre\u015blonych w Statucie Sp\u00f3\u0142dzielni.<\/p>\n","protected":false},"excerpt":{"rendered":"<p>SP\u00d3\u0141DZIELNIA MIESZKANIOWA \u201cGWARK\u00d3W\u201d ul. Bojkowska 22, 44-100 GLIWICE NIP 631-257-02-94 telefon: sekretariat: 32-231-07-09 ksi\u0119gowo\u015b\u0107: 32-334-72-01 adres e-mail: spoldzielnia@smgwarkow.pl godziny otwarcia: &#8211; poniedzia\u0142ek: 7:00 \u2013 15:00 &#8211; wtorek: 7:00 \u2013 15:00 &#8211; \u015broda:\u00a0 7:00 \u2013 15:00 &#8211; czwartek: 7:00 \u2013 16:00 &hellip;<\/p>\n<p class=\"read-more\"><a href=\"http:\/\/www.smgwarkow.pl\/?page_id=29\">Czytaj wi\u0119cej &raquo;<\/a><\/p>\n","protected":false},"author":1,"featured_media":0,"parent":0,"menu_order":6,"comment_status":"open","ping_status":"open","template":"","meta":[],"_links":{"self":[{"href":"http:\/\/www.smgwarkow.pl\/index.php?rest_route=\/wp\/v2\/pages\/29"}],"collection":[{"href":"http:\/\/www.smgwarkow.pl\/index.php?rest_route=\/wp\/v2\/pages"}],"about":[{"href":"http:\/\/www.smgwarkow.pl\/index.php?rest_route=\/wp\/v2\/types\/page"}],"author":[{"embeddable":true,"href":"http:\/\/www.smgwarkow.pl\/index.php?rest_route=\/wp\/v2\/users\/1"}],"replies":[{"embeddable":true,"href":"http:\/\/www.smgwarkow.pl\/index.php?rest_route=%2Fwp%2Fv2%2Fcomments&post=29"}],"version-history":[{"count":15,"href":"http:\/\/www.smgwarkow.pl\/index.php?rest_route=\/wp\/v2\/pages\/29\/revisions"}],"predecessor-version":[{"id":53,"href":"http:\/\/www.smgwarkow.pl\/index.php?rest_route=\/wp\/v2\/pages\/29\/revisions\/53"}],"wp:attachment":[{"href":"http:\/\/www.smgwarkow.pl\/index.php?rest_route=%2Fwp%2Fv2%2Fmedia&parent=29"}],"curies":[{"name":"wp","href":"https:\/\/api.w.org\/{rel}","templated":true}]}}