{"id":27,"date":"2012-08-10T15:32:40","date_gmt":"2012-08-10T13:32:40","guid":{"rendered":"http:\/\/www.smgwarkow.pl\/?page_id=27"},"modified":"2025-12-03T07:29:52","modified_gmt":"2025-12-03T06:29:52","slug":"publikacje","status":"publish","type":"page","link":"http:\/\/www.smgwarkow.pl\/?page_id=27","title":{"rendered":"PRZETARGI"},"content":{"rendered":"\n<p>Gliwice, dnia 03.12.2025r.<\/p>\n\n\n\n<p><strong>Sp\u00f3\u0142dzielnia Mieszkaniowa \u201eGwark\u00f3w\u201d w Gliwicach, ul. Bojkowska 22, 44-100 Gliwice<\/strong><\/p>\n\n\n\n<p><strong>o g \u0142 a s z a\u00a0\u00a0\u00a0 2 \/dwa\/ osobne przetargi nieograniczone na:<\/strong><\/p>\n\n\n\n<p><strong>1. Dostawa i wymiana wodomierzy zimnej i ciep\u0142ej wody z demonta\u017cem istniej\u0105cego modu\u0142u radiowego (nak\u0142adka radiowa) i jego monta\u017cem na nowy wodomierz\u00a0 w wielorodzinnych budynkach mieszkalnych b\u0119d\u0105cych w zasobach Sp\u00f3\u0142dzielni.<\/strong><\/p>\n\n\n\n<p><strong><em>Termin realizacji: ostateczne zako\u0144czenie ca\u0142ego zakresu prac do 31-05-2026r<\/em><\/strong>.<\/p>\n\n\n\n<p class=\"has-black-color has-text-color\"><strong>2<em>. <\/em><\/strong><a><strong>Remont po\u0142aci dachowych wraz z obr\u00f3bkami blacharskimi, odwodnieniem, remontem komin\u00f3w ponad dachem w wielorodzinnych budynkach mieszkalnych b\u0119d\u0105cych\u00a0w zasobach Sp\u00f3\u0142dzielni<\/strong><\/a><\/p>\n\n\n\n<p><strong><em>Termin realizacji: pierwszy kwarta\u0142 2026r. \u2013 trzeci kwarta\u0142 2027r<\/em><\/strong>.<\/p>\n\n\n\n<p>Warunkiem przyst\u0105pienia do przetargu i z\u0142o\u017cenia oferty jest otrzymanie od Zamawiaj\u0105cego szczeg\u00f3\u0142owego zakresu rzeczowego przetargu oraz warunk\u00f3w uczestnictwa kt\u00f3re okre\u015bla\u00a0 \u201eSpecyfikacji Istotnych Warunk\u00f3w Zam\u00f3wienia\u201d,kt\u00f3r\u0105 mo\u017cna <strong>od 08-12-2025r<\/strong> odebra\u0107 osobi\u015bcie w siedzibie Sp\u00f3\u0142dzielni w Gliwicach przy ulicy Bojkowskiej 22, jak r\u00f3wnie\u017c mo\u017ce zosta\u0107 przes\u0142ana na adres mailowy oferenta, po przes\u0142aniu na adres <a href=\"mailto:spoldzielnia@smgwarkow.pl\"><strong>spoldzielnia@smgwarkow.pl<\/strong><\/a><strong> <\/strong>dowodu wp\u0142aty i wniosku o przes\u0142anie dokument\u00f3w.<\/p>\n\n\n\n<p>Termin sk\u0142adania ofert \/dla ka\u017cdego przetargu\/:<\/p>\n\n\n\n<p>do <strong>15 stycznia 2026r. do godz.13<u><sup>00<\/sup><\/u><\/strong><strong> <\/strong>w siedzibie Sp\u00f3\u0142dzielni.<\/p>\n\n\n\n<p>Liczy si\u0119 data i godzina dostarczenia do Sp\u00f3\u0142dzielni.<\/p>\n\n\n\n<p>Nr rachunku 54 1750 0012 0000 0000 4087 9781, na kt\u00f3ry nale\u017cy dokona\u0107 przelewu.<\/p>\n\n\n\n<p>Kwota za ka\u017cd\u0105 SIWZ wynosi 100,00z\u0142 + VAT.<\/p>\n\n\n\n<p><strong>Dane kontaktowe: tel. 032\/2310709, <\/strong><a href=\"mailto:spoldzielnia@smgwarkow.pl\"><strong>spoldzielnia@smgwarkow.pl<\/strong><\/a><\/p>\n\n\n\n<p><strong>Sp\u00f3\u0142dzielnia zastrzega sobie prawo uniewa\u017cnienia ka\u017cdego przetargu, bez podania przyczyny.<\/strong><\/p>\n\n\n\n<p>Og\u0142oszenie ukaza\u0142o si\u0119 w Nowinach Gliwickich.<\/p>\n\n\n\n<hr class=\"wp-block-separator has-alpha-channel-opacity\"\/>\n\n\n\n<p>Gliwice, dnia 12.08.2024r.<br><strong>Przetarg na \u015bwiadczenie us\u0142ug zwi\u0105zanych z kompleksowym sprz\u0105taniem i utrzymaniem czysto\u015bci w zasobach Sp\u00f3\u0142dzielni Mieszkaniowej \u201eGwark\u00f3w\u201d przy u\u017cyciu pracownik\u00f3w i niezb\u0119dnego sprz\u0119tu i \u015brodk\u00f3w chemicznych Wykonawcy, zosta\u0142 uniewa\u017cniony<\/strong>.<\/p>\n\n\n\n<p><a href=\"http:\/\/www.smgwarkow.pl\/wp-content\/uploads\/2024\/08\/przetarg-sprzatnie-3.pdf\">przetarg na sprz\u0105tanie-uniewa\u017cniony<\/a><\/p>\n\n\n\n<p>________________________________________________________________________________________________________________<\/p>\n\n\n\n<p>Gliwice, dnia 12.08.2024r.<br><strong>Przetarg na ustanowienie prawa odr\u0119bnej w\u0142asno\u015bci lokalu mieszkalnego w Gliwicach<\/strong><br><strong>przy ul. Gwark\u00f3w 40<\/strong>, <strong>zosta\u0142 rozstrzygni\u0119ty.<\/strong><\/p>\n\n\n\n<div class=\"wp-block-file\"><a id=\"wp-block-file--media-17f0bc1e-08b2-4a44-ab84-48d1d03475a1\" href=\"http:\/\/www.smgwarkow.pl\/wp-content\/uploads\/2024\/08\/przetarg-na-mieszkanie-2-1.pdf\">przetarg na mieszkanie- rozstrzygni\u0119ty<\/a><\/div>\n\n\n\n<p>________________________________________________________________________________________________________________<\/p>\n\n\n\n<p>Gliwice, dnia 17.07.2024r. <br><strong>Przetarg na ustanowienie prawa odr\u0119bnej w\u0142asno\u015bci lokalu mieszkalnego w Gliwicach<\/strong><br><strong>przy ul. Gwark\u00f3w 40<\/strong><\/p>\n\n\n\n<div class=\"wp-block-file\"><a id=\"wp-block-file--media-b670a2e4-7a11-496f-9801-189049b2f6cb\" href=\"http:\/\/www.smgwarkow.pl\/wp-content\/uploads\/2024\/07\/Ogloszenie-2-2.pdf\">Og\u0142oszenie<\/a><\/div>\n\n\n\n<hr class=\"wp-block-separator has-alpha-channel-opacity\"\/>\n\n\n\n<p>Gliwice, dnia 17.07.2024r.<\/p>\n\n\n\n<p><strong>Przetarg na \u015bwiadczenie us\u0142ug zwi\u0105zanych z kompleksowym sprz\u0105taniem i utrzymaniem czysto\u015bci              w zasobach Sp\u00f3\u0142dzielni Mieszkaniowej &#8222;Gwark\u00f3w&#8221; przy u\u017cyciu pracownik\u00f3w i niezb\u0119dnego sprz\u0119tu              i \u015brodk\u00f3w chemicznych Wykonawcy<\/strong>.<\/p>\n\n\n\n<div class=\"wp-block-file\"><a id=\"wp-block-file--media-a0fb2763-b91a-4f58-9d59-a2b982502e79\" href=\"http:\/\/www.smgwarkow.pl\/wp-content\/uploads\/2024\/07\/Ogloszenie-1-2.pdf\">Og\u0142oszenie<\/a><\/div>\n\n\n<hr \/>\n<p style=\"text-align: justify;\" align=\"center\">Gliwice, dnia\u00a0 29.09.2022r.<\/p>\n<p style=\"text-align: justify;\" align=\"center\"><strong>Przetarg na mieszkanie przy ul. Gwark\u00f3w w Gliwicach zosta\u0142 uniewa\u017cniony. <\/strong><br \/><strong><a href=\"http:\/\/www.smgwarkow.pl\/wp-content\/uploads\/2012\/08\/Og\u0142oszenie-Przetarg.pdf\">Og\u0142oszenie<\/a><\/strong><\/p>\n<p style=\"text-align: justify;\" align=\"center\">\u00a0<\/p>\n<hr \/>\n<p style=\"text-align: justify;\" align=\"center\">Gliwice, dnia 30.08.2022r.<\/p>\n<p style=\"text-align: justify;\" align=\"center\">OG\u0141OSZENIE- PRZETARG NA MIESZKANIE PRZY UL. GWARK\u00d3W W GLIWICACH<\/p>\n<p style=\"text-align: justify;\" align=\"center\"><a href=\"http:\/\/www.smgwarkow.pl\/wp-content\/uploads\/2012\/08\/mieszkanie-przetarg2.pdf\">og\u0142oszenie<\/a><\/p>\n<p style=\"text-align: justify;\" align=\"center\">&#8212;&#8212;&#8212;&#8212;&#8212;&#8212;&#8212;&#8212;&#8212;&#8212;&#8212;&#8212;&#8212;&#8212;&#8212;&#8212;&#8212;&#8212;&#8212;&#8212;&#8212;&#8212;&#8212;&#8212;&#8212;&#8212;&#8212;&#8212;&#8212;&#8212;&#8212;&#8212;&#8212;&#8212;&#8212;&#8212;&#8212;&#8212;&#8211;<\/p>\n<p style=\"text-align: justify;\" align=\"center\">Gliwice, dnia 09.05.2022r.<\/p>\n<p style=\"text-align: justify;\" align=\"center\"><a href=\"http:\/\/www.smgwarkow.pl\/wp-content\/uploads\/2012\/08\/Og\u0142oszenie-przetarg-uniewa\u017cniony.pdf\">Og\u0142oszenie-przetarg uniewa\u017cniony<\/a><\/p>\n<p style=\"text-align: justify;\" align=\"center\">&#8212;&#8212;&#8212;&#8212;&#8212;&#8212;&#8212;&#8212;&#8212;&#8212;&#8212;&#8212;&#8212;&#8212;&#8212;&#8212;&#8212;&#8212;&#8212;&#8212;&#8212;&#8212;&#8212;&#8212;&#8212;&#8212;&#8212;&#8212;&#8212;&#8212;&#8212;&#8212;&#8212;&#8212;&#8212;&#8212;&#8212;&#8212;&#8211;<\/p>\n<p style=\"text-align: justify;\" align=\"center\">Gliwice, dnia 13.04.2022r.<\/p>\n<p style=\"text-align: justify;\" align=\"center\"><a href=\"http:\/\/www.smgwarkow.pl\/wp-content\/uploads\/2012\/08\/PRZETARG-NA-MIESZKANIE.pdf\">OG\u0141OSZENIE &#8211; PRZETARG NA MIESZKANIE<\/a><\/p>\n<hr \/>\n<p style=\"text-align: justify;\" align=\"center\"><a href=\"http:\/\/www.smgwarkow.pl\/wp-content\/uploads\/2012\/08\/Wyniki-przetargu-na-malowanie-klatek-schodowych.pdf\">Wyniki przetargu na malowanie klatek schodowych<\/a><\/p>\n<p style=\"text-align: justify;\" align=\"center\">&#8212;&#8212;&#8212;&#8212;&#8212;&#8212;&#8212;&#8212;&#8212;&#8212;&#8212;&#8212;&#8212;&#8212;&#8212;&#8212;&#8212;&#8212;&#8212;&#8212;&#8212;&#8212;&#8212;&#8212;&#8212;&#8212;&#8212;&#8212;&#8212;&#8212;&#8212;&#8212;&#8212;&#8212;&#8212;&#8212;&#8212;&#8212;&#8211;Gliwice, dnia 01.09.2021r.<\/p>\n<p align=\"justify\"><span style=\"font-family: Times New Roman, serif;\"><span style=\"font-size: medium;\"><strong>Sp\u00f3\u0142dzielnia Mieszkaniowa \u201eGwark\u00f3w\u201d w Gliwicach, ul. Bojkowska 22, 44-100 Gliwice<br \/>o g \u0142 a s z a przetarg nieograniczony na:<br \/>Malowanie klatek schodowych w wielorodzinnych budynkach mieszkalnych przy\u00a0 ul.\u00a0 Jasnej i ul. Gwark\u00f3w w Gliwicach<\/strong><\/span><\/span><\/p>\n<p align=\"center\"><span style=\"font-family: Times New Roman, serif;\"><span style=\"font-size: medium;\"><em><strong>Planowany termin realizacji: stycze\u0144 2022 r \u2013 pa\u017adziernik 2023<\/strong><\/em><\/span><\/span><\/p>\n<p align=\"justify\">\u00a0<span style=\"font-family: Times New Roman, serif;\"><span style=\"font-size: medium;\">Warunkiem przyst\u0105pienia do przetargu i z\u0142o\u017cenia oferty jest otrzymanie od Zamawiaj\u0105cego szczeg\u00f3\u0142owego zakresu rzeczowego przetargu oraz warunk\u00f3w uczestnictwa kt\u00f3re okre\u015bla \u201eSpecyfikacji Istotnych Warunk\u00f3w Zam\u00f3wienia\u201d, kt\u00f3r\u0105 mo\u017cna <\/span><\/span><span style=\"font-family: Times New Roman, serif;\"><span style=\"font-size: medium;\"><span style=\"text-decoration: underline;\"><strong>od 08 wrze\u015bnia 2021r<\/strong><\/span><\/span><\/span><span style=\"font-family: Times New Roman, serif;\"><span style=\"font-size: medium;\">odebra\u0107 osobi\u015bcie w siedzibie Sp\u00f3\u0142dzielni w Gliwicach przy ulicy Bojkowskiej 22, w dni robocze w godzinach <\/span><\/span><span style=\"font-family: Times New Roman, serif;\"><span style=\"font-size: medium;\"><strong>9.00 \u2013 13.00,<\/strong><\/span><\/span><span style=\"font-family: Times New Roman, serif;\"><span style=\"font-size: medium;\"> jak r\u00f3wnie\u017c mo\u017ce zosta\u0107 przes\u0142ana na adres mailowy oferenta, po przes\u0142aniu na adres <\/span><\/span><span style=\"color: #0000ff;\"><span style=\"text-decoration: underline;\"><span style=\"font-family: Times New Roman, serif;\"><span style=\"font-size: medium;\"><strong><a href=\"mailto:spoldzielnia@smgwarkow.pl\">spoldzielnia@smgwarkow.pl<\/a> <\/strong><\/span><\/span><\/span><\/span><span style=\"font-family: Times New Roman, serif;\"><span style=\"font-size: medium;\">dowodu wp\u0142aty <\/span><\/span><span style=\"color: #0000ff;\"><span style=\"color: #000000;\"><span style=\"font-family: Times New Roman, serif;\"><span style=\"font-size: medium;\">i wniosku o przes\u0142anie dokument\u00f3w.<\/span><\/span><\/span><\/span><\/p>\n<p align=\"justify\"><span style=\"font-family: Times New Roman, serif;\"><span style=\"font-size: medium;\">Nr rachunku 54 1750 0012 0000 0000 4087 9781, na kt\u00f3ry nale\u017cy dokona\u0107 przelewu. <\/span><\/span><\/p>\n<p align=\"center\"><span style=\"color: #000000;\"><span style=\"font-family: Times New Roman, serif;\"><span style=\"font-size: medium;\">Kwota za ka\u017cd\u0105 SIWZ wynosi <\/span><\/span><\/span><span style=\"color: #000000;\"><span style=\"font-family: Times New Roman, serif;\"><span style=\"font-size: medium;\"><strong>100,00z\u0142<\/strong><\/span><\/span><\/span><span style=\"font-family: Times New Roman, serif;\"><span style=\"font-size: medium;\"><span style=\"font-size: medium;\"> + VAT.<\/span><br \/><\/span><\/span><\/p>\n<p><span style=\"font-family: Times New Roman, serif;\"><span style=\"font-size: medium;\">Termin sk\u0142adania ofert:<\/span><\/span><span style=\"color: #000000;\"><span style=\"font-family: Times New Roman, serif;\"><span style=\"font-size: medium;\">do <\/span><\/span><\/span><span style=\"color: #000000;\"><span style=\"font-family: Times New Roman, serif;\"><span style=\"font-size: medium;\"><strong>30 wrze\u015bnia 2021r do godz.12<\/strong><\/span><\/span><\/span><span style=\"color: #000000;\"><sup><span style=\"font-family: Times New Roman, serif;\"><span style=\"font-size: medium;\"><span style=\"text-decoration: underline;\"><strong>00<\/strong><\/span><\/span><\/span><\/sup><\/span><span style=\"color: #000000;\"><span style=\"font-family: Times New Roman, serif;\"><span style=\"font-size: medium;\">w siedzibie Sp\u00f3\u0142dzielni.<\/span><\/span><\/span><span style=\"font-family: Times New Roman, serif;\"><span style=\"font-size: medium;\"><br \/>Liczy si\u0119 data i godzina dostarczenia do Sp\u00f3\u0142dzielni.<\/span><\/span><span style=\"color: #000000;\"><span style=\"font-family: Times New Roman, serif;\"><br \/>Zamawiaj\u0105cy wymaga wniesienia wadium w kwocie <\/span><\/span><span style=\"color: #000000;\"><span style=\"font-family: Times New Roman, serif;\"><strong>5.000,00z\u0142<\/strong><\/span><\/span><span style=\"color: #000000;\"><span style=\"font-family: Times New Roman, serif;\"> ( pi\u0119\u0107 tysi\u0119cy z\u0142otych 00\/100)<span style=\"font-size: medium;\"><br \/>Dane kontaktowe: tel. 032\/2310709<\/span><\/span><\/span><span style=\"color: #000000;\"><span style=\"font-family: Times New Roman, serif;\"><span style=\"font-size: medium;\"><strong>, <\/strong><\/span><\/span><\/span><span style=\"color: #0000ff;\"><span style=\"text-decoration: underline;\"><a href=\"mailto:spoldzielnia@smgwarkow.pl\"><span style=\"color: #000000;\"><span style=\"font-family: Times New Roman, serif;\"><span style=\"font-size: medium;\"><strong>e-mail: spoldzielnia@smgwarkow.pl<\/strong><\/span><\/span><\/span><\/a><\/span><\/span><\/p>\n<p><span style=\"font-family: Times New Roman, serif;\"><span style=\"font-size: medium;\"><strong>Sp\u00f3\u0142dzielnia zastrzega sobie prawo do uniewa\u017cnienia przetargu, bez podania przyczyny.<\/strong><\/span><\/span><\/p>\n<p>Og\u0142oszenie ukaza\u0142o si\u0119 w Nowinach Gliwickich.<\/p>\n<p style=\"text-align: justify;\" align=\"center\">\u00a0<\/p>\n<p align=\"center\">&#8212;&#8212;&#8212;&#8212;&#8212;&#8212;&#8212;&#8212;&#8212;&#8212;&#8212;&#8212;&#8212;&#8212;&#8212;&#8212;&#8212;&#8212;&#8212;&#8212;&#8212;&#8212;&#8212;&#8212;&#8212;&#8212;&#8212;&#8212;&#8212;&#8212;&#8212;&#8212;&#8212;&#8212;&#8212;&#8212;&#8212;&#8212;&#8212;&#8212;&#8212;&#8212;&#8212;&#8212;&#8212;&#8212;&#8212;&#8212;&#8212;&#8212;&#8212;&#8212;&#8212;&#8212;&#8212;-<\/p>\n<p align=\"center\"><span style=\"font-family: Arial, sans-serif;\"><span style=\"font-size: large;\"><span style=\"color: #000000;\"><span style=\"text-decoration: underline;\"><strong>INFORMACJA<\/strong><\/span><\/span><\/span><\/span><\/p>\n<p align=\"justify\"><span style=\"font-family: Arial, sans-serif;\"><span style=\"font-size: large;\"><span style=\"color: #000000;\">Zarz\u0105d SM \u201eGwark\u00f3w\u201d w Gliwicach informuje, \u017ce <\/span><span style=\"color: #000000;\">zgodnie z rekomendacj\u0105 Rady Nadzorczej <\/span><span style=\"color: #000000;\">od 21.12.2020r. uleg\u0142 zmianie sk\u0142ad Komisji Przetargowej SM \u201eGwark\u00f3w\u201d, do kt\u00f3rej powo\u0142ani zostali:<br \/><\/span><\/span><\/span><\/p>\n<p align=\"justify\"><span style=\"font-family: Arial, sans-serif;\"><span style=\"font-size: large;\"><span style=\"color: #000000;\">1) K<\/span><span style=\"color: #000000;\">rzysztof Barton &#8211; Przewodnicz\u0105cy Komisji<br \/>2) <\/span><span style=\"color: #000000;\">Marzanna Skiba &#8211; Sekretarz Komisji<br \/>3) <\/span><span style=\"color: #000000;\">Piotr Zawadzki &#8211; Cz\u0142onek Komisji<\/span><\/span><\/span><\/p>\n\n\n<p><\/p>\n","protected":false},"excerpt":{"rendered":"<p>Gliwice, dnia 03.12.2025r. Sp\u00f3\u0142dzielnia Mieszkaniowa \u201eGwark\u00f3w\u201d w Gliwicach, ul. Bojkowska 22, 44-100 Gliwice o g \u0142 a s z a\u00a0\u00a0\u00a0 2 \/dwa\/ osobne przetargi nieograniczone na: 1. Dostawa i wymiana wodomierzy zimnej i ciep\u0142ej wody z demonta\u017cem istniej\u0105cego modu\u0142u radiowego &hellip;<\/p>\n<p class=\"read-more\"><a href=\"http:\/\/www.smgwarkow.pl\/?page_id=27\">Czytaj wi\u0119cej &raquo;<\/a><\/p>\n","protected":false},"author":1,"featured_media":0,"parent":0,"menu_order":5,"comment_status":"open","ping_status":"open","template":"","meta":[],"_links":{"self":[{"href":"http:\/\/www.smgwarkow.pl\/index.php?rest_route=\/wp\/v2\/pages\/27"}],"collection":[{"href":"http:\/\/www.smgwarkow.pl\/index.php?rest_route=\/wp\/v2\/pages"}],"about":[{"href":"http:\/\/www.smgwarkow.pl\/index.php?rest_route=\/wp\/v2\/types\/page"}],"author":[{"embeddable":true,"href":"http:\/\/www.smgwarkow.pl\/index.php?rest_route=\/wp\/v2\/users\/1"}],"replies":[{"embeddable":true,"href":"http:\/\/www.smgwarkow.pl\/index.php?rest_route=%2Fwp%2Fv2%2Fcomments&post=27"}],"version-history":[{"count":40,"href":"http:\/\/www.smgwarkow.pl\/index.php?rest_route=\/wp\/v2\/pages\/27\/revisions"}],"predecessor-version":[{"id":4024,"href":"http:\/\/www.smgwarkow.pl\/index.php?rest_route=\/wp\/v2\/pages\/27\/revisions\/4024"}],"wp:attachment":[{"href":"http:\/\/www.smgwarkow.pl\/index.php?rest_route=%2Fwp%2Fv2%2Fmedia&parent=27"}],"curies":[{"name":"wp","href":"https:\/\/api.w.org\/{rel}","templated":true}]}}