{"id":21,"date":"2012-08-10T15:32:02","date_gmt":"2012-08-10T13:32:02","guid":{"rendered":"http:\/\/www.smgwarkow.pl\/?page_id=21"},"modified":"2025-04-18T11:11:23","modified_gmt":"2025-04-18T09:11:23","slug":"dokumenty","status":"publish","type":"page","link":"http:\/\/www.smgwarkow.pl\/?page_id=21","title":{"rendered":"Dokumenty"},"content":{"rendered":"<p><strong>RODO<\/strong><\/p>\n<ul>\n<li><a title=\"Klauzula informacyjna\" href=\"http:\/\/www.smgwarkow.pl\/?page_id=1111\" target=\"_blank\" rel=\"noopener\">Klauzula informacyjna<\/a><\/li>\n<\/ul>\n<p><strong>Regulaminy SM &#8222;Gwark\u00f3w&#8221;:<\/strong><\/p>\n<ul>\n<li><a href=\"http:\/\/www.smgwarkow.pl\/wp-content\/uploads\/2012\/08\/REGULAMIN-GZM-od-17.09.2020.pdf\">Regulamin ustalania i rozliczania koszt\u00f3w eksploatacyjnych i remontowych<\/a><\/li>\n<li><a href=\"http:\/\/www.smgwarkow.pl\/wp-content\/uploads\/2012\/08\/REGULAMIN-CO-i-CCW.-zmiany-15.12.2022.pdf\">Regulamin rozliczania koszt\u00f3w dostawy i zu\u017cycia energii cieplnej dla potrzeb centralnego ogrzewania i podgrzania wody u\u017cytkowej (ze zm. z 15.12.2022r.)<\/a><\/li>\n<li><a href=\"http:\/\/www.smgwarkow.pl\/wp-content\/uploads\/2012\/08\/Regulamin-udzielania-zam\u00f3wie\u0144-i-przeprowadzania-przetarg\u00f3w-w-SM-Gwark\u00f3w.pdf\">Regulamin udzielania zam\u00f3wie\u0144 i przeprowadzania przetarg\u00f3w (ze zm. z 19.11.2020r.)<\/a><\/li>\n<li><a href=\"http:\/\/www.smgwarkow.pl\/wp-content\/uploads\/2019\/11\/REGULAMIN-korespondencji-od-1.01.2020.pdf\">Regulamin dor\u0119czania korespondencji do u\u017cytkownik\u00f3w lokali mieszkalnych<\/a><\/li>\n<li><a href=\"http:\/\/www.smgwarkow.pl\/wp-content\/uploads\/2018\/01\/Regulamin-Porz\u0105dku-Domowego.pdf\">Regulamin porz\u0105dku domowego i u\u017cytkowania lokali<\/a><\/li>\n<li><a href=\"http:\/\/www.smgwarkow.pl\/wp-content\/uploads\/2016\/06\/RegulaminRozliczaniaWody.pdf\">Regulamin rozliczania koszt\u00f3w dostawy oraz zu\u017cycia wody i odprowadzania \u015bciek\u00f3w<\/a><\/li>\n<li><a href=\"http:\/\/www.smgwarkow.pl\/wp-content\/uploads\/2012\/08\/REGULAMIN-przetargowy-na-lokal-mieszkalny-z-28.09.2017.pdf\">Regulamin przetargowy na ustanowienie prawa odr\u0119bnej w\u0142asno\u015bci i zbycie lokalu mieszkalnego<\/a><br \/>\n&#8211; <a href=\"http:\/\/www.smgwarkow.pl\/wp-content\/uploads\/2012\/08\/Uchwa\u0142a-nr-11-z-07.07.2022-w-spr.PRZYJ\u0118CIA-ZMIAN-REGULAMINU-PRZETARG\u00d3W-NA-USTANOWIENIE-PRAWA-ODR\u0118BNEJ-W\u0141ASNO\u015aCI-I-ZBYCIE-LOKALU-MIESZKALNEGO-W-SP\u00d3\u0141DZIELNI-MIESZKANIOWEJ-\u201eGWARK\u00d3W\u201d-W-GLIWICACH.pdf\">Uchwa\u0142a nr 11 z 07.07.2022-w spr.PRZYJ\u0118CIA ZMIAN REGULAMINU PRZETARG\u00d3W NA USTANOWIENIE PRAWA ODR\u0118BNEJ W\u0141ASNO\u015aCI I ZBYCIE LOKALU MIESZKALNEGO W SP\u00d3\u0141DZIELNI MIESZKANIOWEJ \u201eGWARK\u00d3W\u201d W GLIWICACH<\/a><\/li>\n<li><a href=\"http:\/\/www.smgwarkow.pl\/wp-content\/uploads\/2012\/08\/Regulamin-przydzia\u0142u-i-u\u017cywania-miejsc-postojowych-na-wydzielonym-parkingu-niestrze\u017conym-b\u0119d\u0105cym-w\u0142asno\u015bci\u0105-SM-Gwark\u00f3w.pdf\">Regulamin przydzia\u0142u i u\u017cywania miejsc postojowych na wydzielonym parkingu niestrze\u017conym b\u0119d\u0105cym w\u0142asno\u015bci\u0105 SM Gwark\u00f3w<\/a><\/li>\n<li><a href=\"http:\/\/www.smgwarkow.pl\/wp-content\/uploads\/2012\/08\/Regulamin-Rady-Nadzorczej.pdf\">Regulamin Rady Nadzorczej<\/a><strong><br \/>\n<\/strong><\/li>\n<\/ul>\n<p><strong>Statut SM &#8222;Gwark\u00f3w&#8221;:<\/strong><\/p>\n<ul>\n<li><a href=\"http:\/\/www.smgwarkow.pl\/wp-content\/uploads\/2012\/08\/STATUT-2019-tekst-jednolity-zatwierdzony-przez-WZ-27.05.19r.-wpis-w-KRS-02.07.2019.pdf\">STATUT<\/a><strong><a href=\"http:\/\/www.smgwarkow.pl\/wp-content\/uploads\/2012\/08\/STATUT-2019-tekst-jednolity-zatwierdzony-przez-WZ-27.05.19r.-wpis-w-KRS-02.07.2019.pdf\"><br \/>\n<\/a><\/strong><\/li>\n<\/ul>\n","protected":false},"excerpt":{"rendered":"<p>RODO Klauzula informacyjna Regulaminy SM &#8222;Gwark\u00f3w&#8221;: Regulamin ustalania i rozliczania koszt\u00f3w eksploatacyjnych i remontowych Regulamin rozliczania koszt\u00f3w dostawy i zu\u017cycia energii cieplnej dla potrzeb centralnego ogrzewania i podgrzania wody u\u017cytkowej (ze zm. z 15.12.2022r.) Regulamin udzielania zam\u00f3wie\u0144 i przeprowadzania przetarg\u00f3w &hellip;<\/p>\n<p class=\"read-more\"><a href=\"http:\/\/www.smgwarkow.pl\/?page_id=21\">Czytaj wi\u0119cej &raquo;<\/a><\/p>\n","protected":false},"author":1,"featured_media":0,"parent":0,"menu_order":2,"comment_status":"open","ping_status":"open","template":"","meta":[],"_links":{"self":[{"href":"http:\/\/www.smgwarkow.pl\/index.php?rest_route=\/wp\/v2\/pages\/21"}],"collection":[{"href":"http:\/\/www.smgwarkow.pl\/index.php?rest_route=\/wp\/v2\/pages"}],"about":[{"href":"http:\/\/www.smgwarkow.pl\/index.php?rest_route=\/wp\/v2\/types\/page"}],"author":[{"embeddable":true,"href":"http:\/\/www.smgwarkow.pl\/index.php?rest_route=\/wp\/v2\/users\/1"}],"replies":[{"embeddable":true,"href":"http:\/\/www.smgwarkow.pl\/index.php?rest_route=%2Fwp%2Fv2%2Fcomments&post=21"}],"version-history":[{"count":44,"href":"http:\/\/www.smgwarkow.pl\/index.php?rest_route=\/wp\/v2\/pages\/21\/revisions"}],"predecessor-version":[{"id":3871,"href":"http:\/\/www.smgwarkow.pl\/index.php?rest_route=\/wp\/v2\/pages\/21\/revisions\/3871"}],"wp:attachment":[{"href":"http:\/\/www.smgwarkow.pl\/index.php?rest_route=%2Fwp%2Fv2%2Fmedia&parent=21"}],"curies":[{"name":"wp","href":"https:\/\/api.w.org\/{rel}","templated":true}]}}