{"id":15,"date":"2012-08-10T13:57:13","date_gmt":"2012-08-10T11:57:13","guid":{"rendered":"http:\/\/www.smgwarkow.pl\/?page_id=15"},"modified":"2014-07-04T12:46:01","modified_gmt":"2014-07-04T10:46:01","slug":"informacje","status":"publish","type":"page","link":"http:\/\/www.smgwarkow.pl\/?page_id=15","title":{"rendered":"Informacje"},"content":{"rendered":"<p><strong>Historia i lokalizacja<\/strong><\/p>\n<p>Sp\u00f3\u0142dzielnia Mieszkaniowa &#8222;Gwark\u00f3w&#8221; powsta\u0142a w wyniku podzia\u0142u Sp\u00f3\u0142dzielni Mieszkaniowej &#8222;G &#8211; JL&#8221;. SM &#8222;Gwark\u00f3w&#8221; zosta\u0142a zarejestrowana w Krajowym Rejestrze S\u0105dowym w dniu 13 sierpnia 2008 roku.<\/p>\n<p>Swoim zasi\u0119giem obejmuje budynki usytuowane przy ul. Gwark\u00f3w i Jasnej. W 8 budynkach o 278 lokalach mieszkalnych o og\u00f3lnej powierzchni ca\u0142kowitej 18 701,25 m<sup>2<\/sup>. Sp\u00f3\u0142dzielnia dysponuje 8 lokalami u\u017cytkowymi o og\u00f3lnej powierzchni 787,34 m<sup>2<\/sup>\u00a0i 50 gara\u017cami o og\u00f3lnej powierzchni 910,24m<sup>2<\/sup>\u00a0oraz 3 stanowiskami gara\u017cowymi przy ul. Bojkowskiej 20 o powierzchni 99,03 m<sup>2<\/sup><\/p>\n<p><strong>Przedmiot dzia\u0142ano\u015bci<\/strong><\/p>\n<p>&nbsp;<\/p>\n<ul>\n<li>Budowanie lub nabywanie budynk\u00f3w w celu ustanowienia na rzecz cz\u0142onk\u00f3w sp\u00f3\u0142dzielczych lokatorskich praw do znajduj\u0105cych si\u0119 w tych budynkach lokali mieszkalnych.<\/li>\n<li>Budowanie lub nabywanie budynk\u00f3w w celu ustanowienia na rzecz cz\u0142onk\u00f3w odr\u0119bnej w\u0142asno\u015bci znajduj\u0105cych si\u0119 w tych budynkach lokali mieszkalnych lub lokali o innym przeznaczeniu.<\/li>\n<li>Budowanie lub nabywanie domk\u00f3w jednorodzinnych w celu przeniesienia na rzecz cz\u0142onk\u00f3w w\u0142asno\u015bci tych dom\u00f3w, budowanie oraz nabywanie budynk\u00f3w lub lokali w budynkach stanowi\u0105cych wsp\u00f3\u0142w\u0142asno\u015b\u0107 sp\u00f3\u0142dzielni w celu ich sprzeda\u017cy a tak\u017ce wynajmowanie lub sprzeda\u017c znajduj\u0105cych si\u0119 w tych budynkach lokali mieszkalnych lub lokali o innym przeznaczeniu.<\/li>\n<li>Prowadzenie dzia\u0142alno\u015bci spo\u0142ecznej i o\u015bwiatowo \u2013 kulturalnej na rzecz swoich cz\u0142onk\u00f3w i ich rodzin.<\/li>\n<li>Zarz\u0105dzanie nieruchomo\u015bciami stanowi\u0105cymi jej mienie lub nabyte na podstawie ustawy mienie jej cz\u0142onk\u00f3w.<\/li>\n<li>Zarz\u0105dzanie lub administrowanie nieruchomo\u015bciami nie stanowi\u0105cymi mienia sp\u00f3\u0142dzielni lub mienia jej cz\u0142onk\u00f3w na podstawie umowy zawartej z w\u0142a\u015bcicielem lub w\u0142a\u015bcicielami tej nieruchomo\u015bci.<\/li>\n<li>Prowadzenie wykonawstwa w\u0142asnego.<\/li>\n<li>Prowadzenie dzia\u0142alno\u015bci handlowej, us\u0142ugowej, spo\u0142eczno-wychowawczej i o\u015bwiatowej oraz innych zgodnie z powszechnie obowi\u0105zuj\u0105cymi przepisami, je\u017celi dzia\u0142alno\u015b\u0107 ta jest zwi\u0105zana bezpo\u015brednio z realizacj\u0105 celu okre\u015blonego w ust. 1.<\/li>\n<li>Nabywanie teren\u00f3w potrzebnych na jej w\u0142asno\u015b\u0107 lub u\u017cytkowanie wieczyste oraz zbywanie teren\u00f3w zb\u0119dnych, a tak\u017ce wydzier\u017cawianie cz\u0119\u015bci gospodarczych teren\u00f3w.<\/li>\n<li>Podejmowanie w interesie cz\u0142onk\u00f3w innych dzia\u0142a\u0144 zmierzaj\u0105cych do zaspokajania potrzeb mieszkaniowych a w szczeg\u00f3lno\u015bci uczestniczenie w wolnym obrocie nieruchomo\u015bciami na rynku krajowym.<\/li>\n<li>Wynajmowanie lokali mieszkalnych , u\u017cytkowych oraz innych pomieszcze\u0144, gara\u017cy i miejsc postojowych a tak\u017ce urz\u0105dze\u0144 i teren\u00f3w na podstawie um\u00f3w cywilnych.<\/li>\n<li>Dokonywanie zamian lokali mieszkalnych pomi\u0119dzy cz\u0142onkami sp\u00f3\u0142dzielni na rzecz kt\u00f3rych ustanowiono prawo do lokalu mieszkalnego a osobami zajmuj\u0105cymi lokal, pozostaj\u0105cy we w\u0142adaniu innej osoby.<\/li>\n<\/ul>\n<p>&nbsp;<\/p>\n","protected":false},"excerpt":{"rendered":"<p>Historia i lokalizacja Sp\u00f3\u0142dzielnia Mieszkaniowa &#8222;Gwark\u00f3w&#8221; powsta\u0142a w wyniku podzia\u0142u Sp\u00f3\u0142dzielni Mieszkaniowej &#8222;G &#8211; JL&#8221;. SM &#8222;Gwark\u00f3w&#8221; zosta\u0142a zarejestrowana w Krajowym Rejestrze S\u0105dowym w dniu 13 sierpnia 2008 roku. Swoim zasi\u0119giem obejmuje budynki usytuowane przy ul. Gwark\u00f3w i Jasnej. W &hellip;<\/p>\n<p class=\"read-more\"><a href=\"http:\/\/www.smgwarkow.pl\/?page_id=15\">Czytaj wi\u0119cej &raquo;<\/a><\/p>\n","protected":false},"author":1,"featured_media":0,"parent":9,"menu_order":0,"comment_status":"open","ping_status":"open","template":"","meta":[],"_links":{"self":[{"href":"http:\/\/www.smgwarkow.pl\/index.php?rest_route=\/wp\/v2\/pages\/15"}],"collection":[{"href":"http:\/\/www.smgwarkow.pl\/index.php?rest_route=\/wp\/v2\/pages"}],"about":[{"href":"http:\/\/www.smgwarkow.pl\/index.php?rest_route=\/wp\/v2\/types\/page"}],"author":[{"embeddable":true,"href":"http:\/\/www.smgwarkow.pl\/index.php?rest_route=\/wp\/v2\/users\/1"}],"replies":[{"embeddable":true,"href":"http:\/\/www.smgwarkow.pl\/index.php?rest_route=%2Fwp%2Fv2%2Fcomments&post=15"}],"version-history":[{"count":5,"href":"http:\/\/www.smgwarkow.pl\/index.php?rest_route=\/wp\/v2\/pages\/15\/revisions"}],"predecessor-version":[{"id":328,"href":"http:\/\/www.smgwarkow.pl\/index.php?rest_route=\/wp\/v2\/pages\/15\/revisions\/328"}],"up":[{"embeddable":true,"href":"http:\/\/www.smgwarkow.pl\/index.php?rest_route=\/wp\/v2\/pages\/9"}],"wp:attachment":[{"href":"http:\/\/www.smgwarkow.pl\/index.php?rest_route=%2Fwp%2Fv2%2Fmedia&parent=15"}],"curies":[{"name":"wp","href":"https:\/\/api.w.org\/{rel}","templated":true}]}}