{"id":13,"date":"2012-08-10T13:55:15","date_gmt":"2012-08-10T11:55:15","guid":{"rendered":"http:\/\/www.smgwarkow.pl\/?page_id=13"},"modified":"2023-06-13T07:36:28","modified_gmt":"2023-06-13T05:36:28","slug":"rada-nadzorcza","status":"publish","type":"page","link":"http:\/\/www.smgwarkow.pl\/?page_id=13","title":{"rendered":"Rada Nadzorcza"},"content":{"rendered":"<table cellspacing=\"0\" cellpadding=\"0\">\n<tbody>\n<tr>\n<td valign=\"top\">\n<table>\n<tbody>\n<tr>\n<td width=\"100%\">Ewa Zawadzka<\/td>\n<\/tr>\n<\/tbody>\n<\/table>\n<table>\n<tbody>\n<tr>\n<td colspan=\"2\" valign=\"top\">\n<h3>Przewodnicz\u0105ca Rady Nadzorczej<\/h3>\n<\/td>\n<\/tr>\n<\/tbody>\n<\/table>\n<\/td>\n<\/tr>\n<tr>\n<td valign=\"top\">\n<table width=\"100%\" cellspacing=\"0\" cellpadding=\"0\">\n<tbody>\n<tr>\n<td width=\"33%\" valign=\"top\">\n<table>\n<tbody>\n<tr>\n<td width=\"100%\">Krzysztof Barton<\/td>\n<\/tr>\n<\/tbody>\n<\/table>\n<table>\n<tbody>\n<tr>\n<td colspan=\"2\" valign=\"top\">\n<h3>Sekretarz Rady Nadzorczej<\/h3>\n<\/td>\n<\/tr>\n<\/tbody>\n<\/table>\n<\/td>\n<td width=\"33%\" valign=\"top\">\n<table>\n<tbody>\n<tr>\n<td width=\"100%\">Ireneusz \u015awida<\/td>\n<\/tr>\n<\/tbody>\n<\/table>\n<table>\n<tbody>\n<tr>\n<td colspan=\"2\" valign=\"top\">\n<h3>Zast\u0119pca Przewodnicz\u0105cej Rady Nadzorczej<\/h3>\n<\/td>\n<\/tr>\n<\/tbody>\n<\/table>\n<\/td>\n<td width=\"33%\" valign=\"top\">\n<table>\n<tbody>\n<tr>\n<td width=\"100%\"><\/td>\n<\/tr>\n<\/tbody>\n<\/table>\n<table>\n<tbody>\n<tr>\n<td colspan=\"2\" valign=\"top\">\n<h3><\/h3>\n<\/td>\n<\/tr>\n<\/tbody>\n<\/table>\n<\/td>\n<\/tr>\n<\/tbody>\n<\/table>\n<\/td>\n<\/tr>\n<\/tbody>\n<\/table>\n","protected":false},"excerpt":{"rendered":"<p>Ewa Zawadzka Przewodnicz\u0105ca Rady Nadzorczej Krzysztof Barton Sekretarz Rady Nadzorczej Ireneusz \u015awida Zast\u0119pca Przewodnicz\u0105cej Rady Nadzorczej<\/p>\n","protected":false},"author":1,"featured_media":0,"parent":9,"menu_order":0,"comment_status":"open","ping_status":"open","template":"","meta":[],"_links":{"self":[{"href":"http:\/\/www.smgwarkow.pl\/index.php?rest_route=\/wp\/v2\/pages\/13"}],"collection":[{"href":"http:\/\/www.smgwarkow.pl\/index.php?rest_route=\/wp\/v2\/pages"}],"about":[{"href":"http:\/\/www.smgwarkow.pl\/index.php?rest_route=\/wp\/v2\/types\/page"}],"author":[{"embeddable":true,"href":"http:\/\/www.smgwarkow.pl\/index.php?rest_route=\/wp\/v2\/users\/1"}],"replies":[{"embeddable":true,"href":"http:\/\/www.smgwarkow.pl\/index.php?rest_route=%2Fwp%2Fv2%2Fcomments&post=13"}],"version-history":[{"count":8,"href":"http:\/\/www.smgwarkow.pl\/index.php?rest_route=\/wp\/v2\/pages\/13\/revisions"}],"predecessor-version":[{"id":3375,"href":"http:\/\/www.smgwarkow.pl\/index.php?rest_route=\/wp\/v2\/pages\/13\/revisions\/3375"}],"up":[{"embeddable":true,"href":"http:\/\/www.smgwarkow.pl\/index.php?rest_route=\/wp\/v2\/pages\/9"}],"wp:attachment":[{"href":"http:\/\/www.smgwarkow.pl\/index.php?rest_route=%2Fwp%2Fv2%2Fmedia&parent=13"}],"curies":[{"name":"wp","href":"https:\/\/api.w.org\/{rel}","templated":true}]}}